{"id":617,"date":"2021-05-11T13:44:52","date_gmt":"2021-05-11T13:44:52","guid":{"rendered":"https:\/\/andrenovaisdepaula.com\/site\/?page_id=617"},"modified":"2023-12-09T04:55:12","modified_gmt":"2023-12-09T04:55:12","slug":"entrevistas","status":"publish","type":"page","link":"https:\/\/andrenovaisdepaula.com\/site\/entrevistas\/","title":{"rendered":"Entrevistas e Podcast"},"content":{"rendered":"\t\t<div data-elementor-type=\"wp-page\" data-elementor-id=\"617\" class=\"elementor elementor-617\">\n\t\t\t\t\t\t<div class=\"elementor-inner\">\n\t\t\t\t<div class=\"elementor-section-wrap\">\n\t\t\t\t\t\t\t\t\t<section class=\"elementor-section elementor-top-section elementor-element elementor-element-e443d7e elementor-section-height-min-height elementor-section-boxed elementor-section-height-default elementor-section-items-middle\" data-id=\"e443d7e\" data-element_type=\"section\" data-settings=\"{&quot;background_background&quot;:&quot;classic&quot;}\">\n\t\t\t\t\t\t\t<div class=\"elementor-background-overlay\"><\/div>\n\t\t\t\t\t\t\t<div class=\"elementor-container elementor-column-gap-default\">\n\t\t\t\t\t\t\t<div class=\"elementor-row\">\n\t\t\t\t\t<div class=\"elementor-column elementor-col-100 elementor-top-column elementor-element elementor-element-e3c9134\" data-id=\"e3c9134\" data-element_type=\"column\">\n\t\t\t<div class=\"elementor-column-wrap\">\n\t\t\t\t\t\t\t<div class=\"elementor-widget-wrap\">\n\t\t\t\t\t\t\t\t<\/div>\n\t\t\t\t\t<\/div>\n\t\t<\/div>\n\t\t\t\t\t\t\t\t<\/div>\n\t\t\t\t\t<\/div>\n\t\t<\/section>\n\t\t\t\t<section class=\"elementor-section elementor-top-section elementor-element elementor-element-2c4af25 elementor-section-boxed elementor-section-height-default elementor-section-height-default\" data-id=\"2c4af25\" data-element_type=\"section\">\n\t\t\t\t\t\t<div class=\"elementor-container elementor-column-gap-default\">\n\t\t\t\t\t\t\t<div class=\"elementor-row\">\n\t\t\t\t\t<div class=\"elementor-column elementor-col-100 elementor-top-column elementor-element elementor-element-3382882\" data-id=\"3382882\" data-element_type=\"column\">\n\t\t\t<div class=\"elementor-column-wrap elementor-element-populated\">\n\t\t\t\t\t\t\t<div class=\"elementor-widget-wrap\">\n\t\t\t\t\t\t<div class=\"elementor-element elementor-element-1e75020 elementor-widget elementor-widget-elementskit-heading\" data-id=\"1e75020\" data-element_type=\"widget\" data-widget_type=\"elementskit-heading.default\">\n\t\t\t\t<div class=\"elementor-widget-container\">\n\t\t\t<div class=\"ekit-wid-con\" ><div class=\"ekit-heading elementskit-section-title-wraper text_left   ekit_heading_tablet-   ekit_heading_mobile-\"><h2 class=\"ekit-heading--title elementskit-section-title \">\n\t\t\t\t\tEntrevistas com <span class='tooltipsall tooltipsincontent classtoolTips136'>Marketing<\/span> Gurus\n\t\t\t\t<\/h2><div class=\"ekit_heading_separetor_wraper ekit_heading_elementskit-border-divider elementskit-style-long\"><div class=\"elementskit-border-divider elementskit-style-long\"><\/div><\/div><\/div><\/div>\t\t<\/div>\n\t\t\t\t<\/div>\n\t\t\t\t\t\t<\/div>\n\t\t\t\t\t<\/div>\n\t\t<\/div>\n\t\t\t\t\t\t\t\t<\/div>\n\t\t\t\t\t<\/div>\n\t\t<\/section>\n\t\t\t\t<section class=\"elementor-section elementor-top-section elementor-element elementor-element-c45fa10 elementor-section-boxed elementor-section-height-default elementor-section-height-default\" data-id=\"c45fa10\" data-element_type=\"section\" data-settings=\"{&quot;background_background&quot;:&quot;classic&quot;}\">\n\t\t\t\t\t\t<div class=\"elementor-container elementor-column-gap-default\">\n\t\t\t\t\t\t\t<div class=\"elementor-row\">\n\t\t\t\t\t<div class=\"elementor-column elementor-col-100 elementor-top-column elementor-element elementor-element-1794efe\" data-id=\"1794efe\" data-element_type=\"column\">\n\t\t\t<div class=\"elementor-column-wrap elementor-element-populated\">\n\t\t\t\t\t\t\t<div class=\"elementor-widget-wrap\">\n\t\t\t\t\t\t<div class=\"elementor-element elementor-element-90ac0ea elementor-widget elementor-widget-elementskit-simple-tab\" data-id=\"90ac0ea\" data-element_type=\"widget\" data-widget_type=\"elementskit-simple-tab.default\">\n\t\t\t\t<div class=\"elementor-widget-container\">\n\t\t\t<div class=\"ekit-wid-con\" >        <div class=\"elementkit-tab-wraper   elementskit-fitcontent-tab \">\n            <ul class=\"nav nav-tabs elementkit-tab-nav \" role=\"tablist\">\n                                    <li class=\"elementkit-nav-item elementor-repeater-item-9a27ddf\">\n                        <a class=\"elementkit-nav-link  active show left-pos\" id=\"content-9a27ddf69e180489d1c8-tab\" data-ekit-handler-id=\"youtube\" data-ekit-toggle=\"tab\" data-target=\"#content-9a27ddf69e180489d1c8\" href=\"#Content-9a27ddf69e180489d1c8\"\n                            data-ekit-toggle-trigger=\"click\"\n                            role=\"tab\" aria-controls=\"Content-9a27ddf69e180489d1c8\" aria-selected=\"true\">\n                            <span class=\"fab fa-youtube elementskit-tab-icon\"><\/span>                            <span class=\"elementskit-tab-title\">Youtube<\/span>\n                        <\/a>\n                    <\/li>\n                                        <li class=\"elementkit-nav-item elementor-repeater-item-2018725\">\n                        <a class=\"elementkit-nav-link  left-pos\" id=\"content-201872569e180489d1c8-tab\" data-ekit-handler-id=\"podcast\" data-ekit-toggle=\"tab\" data-target=\"#content-201872569e180489d1c8\" href=\"#Content-201872569e180489d1c8\"\n                            data-ekit-toggle-trigger=\"click\"\n                            role=\"tab\" aria-controls=\"Content-201872569e180489d1c8\" aria-selected=\"true\">\n                            <span class=\"fas fa-podcast elementskit-tab-icon\"><\/span>                            <span class=\"elementskit-tab-title\"><span class='tooltipsall tooltipsincontent classtoolTips146'>Podcast<\/span><\/span>\n                        <\/a>\n                    <\/li>\n                                <\/ul>\n\n            <div class=\"tab-content elementkit-tab-content\">\n                                    <div class=\"tab-pane elementkit-tab-pane elementor-repeater-item-9a27ddf  active show\" id=\"content-9a27ddf69e180489d1c8\" role=\"tabpanel\"\n                         aria-labelledby=\"content-9a27ddf69e180489d1c8-tab\">\n                        <div class=\"animated fadeIn\">\n                            \t\t\t<div class=\"yotu-playlist yotuwp yotu-limit-min   yotu-thumb-169  yotu-template-grid\" data-yotu=\"69e18048dfd67\" data-page=\"1\" id=\"yotuwp-69e180489d5b5\" data-total=\"4\" data-settings=\"eyJ0eXBlIjoicGxheWxpc3QiLCJpZCI6IlBMX1B0eUJDTUZidFZMNTlrXzhYVFVGZXQtX3ZEZGJLTlciLCJwYWdpbmF0aW9uIjoib24iLCJwYWdpdHlwZSI6InBhZ2VyIiwiY29sdW1uIjoiNCIsInBlcl9wYWdlIjoiMTIiLCJ0ZW1wbGF0ZSI6ImdyaWQiLCJ0aXRsZSI6Im9uIiwiZGVzY3JpcHRpb24iOiJvZmYiLCJ0aHVtYnJhdGlvIjoiMTY5IiwibWV0YSI6Im9mZiIsIm1ldGFfZGF0YSI6Im9mZiIsIm1ldGFfcG9zaXRpb24iOiJvZmYiLCJkYXRlX2Zvcm1hdCI6Im9mZiIsIm1ldGFfYWxpZ24iOiJvZmYiLCJzdWJzY3JpYmUiOiJvZmYiLCJkdXJhdGlvbiI6Im9mZiIsIm1ldGFfaWNvbiI6Im9mZiIsIm5leHR0ZXh0IjoiIiwicHJldnRleHQiOiIiLCJsb2FkbW9yZXRleHQiOiIiLCJwbGF5ZXIiOnsibW9kZSI6ImxhcmdlIiwid2lkdGgiOiI2MDAiLCJzY3JvbGxpbmciOiIxMDAiLCJhdXRvcGxheSI6MCwiY29udHJvbHMiOjAsIm1vZGVzdGJyYW5kaW5nIjoxLCJsb29wIjowLCJhdXRvbmV4dCI6MCwic2hvd2luZm8iOjEsInJlbCI6MSwicGxheWluZyI6MCwicGxheWluZ19kZXNjcmlwdGlvbiI6MCwidGh1bWJuYWlscyI6MSwiY2NfbG9hZF9wb2xpY3kiOiIxIiwiY2NfbGFuZ19wcmVmIjoiMSIsImhsIjoiIiwiaXZfbG9hZF9wb2xpY3kiOiIxIn0sImxhc3RfdGFiIjoic3R5bGluZyIsInVzZV9hc19tb2RhbCI6Im9mZiIsIm1vZGFsX2lkIjoib2ZmIiwibGFzdF91cGRhdGUiOiIxNjIyNDY0MjYyIiwic3R5bGluZyI6eyJwYWdlcl9sYXlvdXQiOiJkZWZhdWx0IiwiYnV0dG9uIjoiMSIsImJ1dHRvbl9jb2xvciI6IiMwYTBhMGEiLCJidXR0b25fYmdfY29sb3IiOiIjZmZmZmZmIiwiYnV0dG9uX2NvbG9yX2hvdmVyIjoiIiwiYnV0dG9uX2JnX2NvbG9yX2hvdmVyIjoiIiwidmlkZW9fc3R5bGUiOiJncGx1cyIsInBsYXlpY29uX2NvbG9yIjoiIiwiaG92ZXJfaWNvbiI6IiIsImdhbGxlcnlfYmciOiIifSwiZWZmZWN0cyI6eyJ2aWRlb19ib3giOiIiLCJmbGlwX2VmZmVjdCI6IiJ9LCJnYWxsZXJ5X2lkIjoiNjllMTgwNDg5ZDViNSIsIm5leHQiOiJFQUFhSGxCVU9rTkJkMmxGUkdNd1QwVldSazlFUVRWT1JWSkdUbFJvUjA5RVl3IiwicHJldiI6IiJ9\" data-player=\"large\" data-showdesc=\"off\">\n\t\t\t\t<div>\n\t\t\t\t\t\t\t\t\t\t<div class=\"yotu-wrapper-player\" style=\"width:600px\">\n\t\t\t\t\t\t\t\t\t\t\t\t<div class=\"yotu-player\">\n\t\t\t\t\t\t\t<div class=\"yotu-video-placeholder\" id=\"yotu-player-69e18048dfd67\"><\/div>\n\t\t\t\t\t\t<\/div>\n\t\t\t\t\t\t<div class=\"yotu-playing-status\"><\/div>\n\t\t\t\t\t\t\t\t\t\t\t<\/div>\n\n\t\t\t\t\t<div class=\"yotu-pagination yotu-pager_layout-default yotu-pagination-top\">\n<a href=\"#\" class=\"yotu-pagination-prev yotu-button-prs yotu-button-prs-1\" data-page=\"prev\">Anterior<\/a>\n<span class=\"yotu-pagination-current\">1<\/span> <span>de<\/span> <span class=\"yotu-pagination-total\">4<\/span>\n<a href=\"#\" class=\"yotu-pagination-next yotu-button-prs yotu-button-prs-1\" data-page=\"next\">Pr\u00f3ximo<\/a>\n<\/div>\n<div class=\"yotu-videos yotu-mode-grid yotu-preset yotu-preset-gplus yotu-column-4 yotu-player-mode-large\">\n\t<ul>\n\t\t\t\t\t<li class=\" yotu-first\">\n\t\t\t\t\t\t\t\t<a href=\"#8NrwOl7VN0E\" class=\"yotu-video\" data-videoid=\"8NrwOl7VN0E\" data-title=\"#42 Estrat\u00e9gias de sucesso em DIGITAL GROWTH com In\u00eas Coelho\" title=\"#42 Estrat\u00e9gias de sucesso em DIGITAL GROWTH com In\u00eas Coelho\">\n\t\t\t\t\t<div class=\"yotu-video-thumb-wrp\">\n\t\t\t\t\t\t<div>\n\t\t\t\t\t\t\t\t\t\t\t\t\t\t<img class=\"yotu-video-thumb\" src=\"https:\/\/i.ytimg.com\/vi\/8NrwOl7VN0E\/sddefault.jpg\" alt=\"#42 Estrat\u00e9gias de sucesso em DIGITAL GROWTH com In\u00eas Coelho\">\t\n\t\t\t\t\t\t\t\t\t\t\t\t\t<\/div>\n\t\t\t\t\t<\/div>\n\t\t\t\t\t\t\t\t\t\t\t<h3 class=\"yotu-video-title\">#42 Estrat\u00e9gias de sucesso em DIGITAL GROWTH com In\u00eas Coelho<\/h3>\n\t\t\t\t\t\t\t\t\t\t\t\t\t\t\t\t\t\t\t<\/a>\n\t\t\t\t\t\t\t<\/li>\n\t\t\t\t\n\t\t\t\t\t\t<li class=\"\">\n\t\t\t\t\t\t\t\t<a href=\"#tXd3FMU-xWA\" class=\"yotu-video\" data-videoid=\"tXd3FMU-xWA\" data-title=\"#41 Rute Ferreira e a import\u00e2ncia da DIGITAL MEDIA\" title=\"#41 Rute Ferreira e a import\u00e2ncia da DIGITAL MEDIA\">\n\t\t\t\t\t<div class=\"yotu-video-thumb-wrp\">\n\t\t\t\t\t\t<div>\n\t\t\t\t\t\t\t\t\t\t\t\t\t\t<img class=\"yotu-video-thumb\" src=\"https:\/\/i.ytimg.com\/vi\/tXd3FMU-xWA\/sddefault.jpg\" alt=\"#41 Rute Ferreira e a import\u00e2ncia da DIGITAL MEDIA\">\t\n\t\t\t\t\t\t\t\t\t\t\t\t\t<\/div>\n\t\t\t\t\t<\/div>\n\t\t\t\t\t\t\t\t\t\t\t<h3 class=\"yotu-video-title\">#41 Rute Ferreira e a import\u00e2ncia da DIGITAL MEDIA<\/h3>\n\t\t\t\t\t\t\t\t\t\t\t\t\t\t\t\t\t\t\t<\/a>\n\t\t\t\t\t\t\t<\/li>\n\t\t\t\t\n\t\t\t\t\t\t<li class=\"\">\n\t\t\t\t\t\t\t\t<a href=\"#bUjBGD335VA\" class=\"yotu-video\" data-videoid=\"bUjBGD335VA\" data-title=\"#40 Marco Novo e os Segredos de um FACEBOOK LIVE de Sucesso\" title=\"#40 Marco Novo e os Segredos de um FACEBOOK LIVE de Sucesso\">\n\t\t\t\t\t<div class=\"yotu-video-thumb-wrp\">\n\t\t\t\t\t\t<div>\n\t\t\t\t\t\t\t\t\t\t\t\t\t\t<img class=\"yotu-video-thumb\" src=\"https:\/\/i.ytimg.com\/vi\/bUjBGD335VA\/sddefault.jpg\" alt=\"#40 Marco Novo e os Segredos de um FACEBOOK LIVE de Sucesso\">\t\n\t\t\t\t\t\t\t\t\t\t\t\t\t<\/div>\n\t\t\t\t\t<\/div>\n\t\t\t\t\t\t\t\t\t\t\t<h3 class=\"yotu-video-title\">#40 Marco Novo e os Segredos de um FACEBOOK LIVE de Sucesso<\/h3>\n\t\t\t\t\t\t\t\t\t\t\t\t\t\t\t\t\t\t\t<\/a>\n\t\t\t\t\t\t\t<\/li>\n\t\t\t\t\n\t\t\t\t\t\t<li class=\"\">\n\t\t\t\t\t\t\t\t<a href=\"#NxrS283ytfY\" class=\"yotu-video\" data-videoid=\"NxrS283ytfY\" data-title=\"#39 Rui Miranda com importantes ensinamentos sobre SOUND DESIGN\" title=\"#39 Rui Miranda com importantes ensinamentos sobre SOUND DESIGN\">\n\t\t\t\t\t<div class=\"yotu-video-thumb-wrp\">\n\t\t\t\t\t\t<div>\n\t\t\t\t\t\t\t\t\t\t\t\t\t\t<img class=\"yotu-video-thumb\" src=\"https:\/\/i.ytimg.com\/vi\/NxrS283ytfY\/sddefault.jpg\" alt=\"#39 Rui Miranda com importantes ensinamentos sobre SOUND DESIGN\">\t\n\t\t\t\t\t\t\t\t\t\t\t\t\t<\/div>\n\t\t\t\t\t<\/div>\n\t\t\t\t\t\t\t\t\t\t\t<h3 class=\"yotu-video-title\">#39 Rui Miranda com importantes ensinamentos sobre SOUND DESIGN<\/h3>\n\t\t\t\t\t\t\t\t\t\t\t\t\t\t\t\t\t\t\t<\/a>\n\t\t\t\t\t\t\t<\/li>\n\t\t\t\t\n\t\t\t\t\t\t<li class=\"\">\n\t\t\t\t\t\t\t\t<a href=\"#MN3Vuj14LzI\" class=\"yotu-video\" data-videoid=\"MN3Vuj14LzI\" data-title=\"#38 Fernando Domingues e a CULTURA DE INOVA\u00c7\u00c3O de sucesso\" title=\"#38 Fernando Domingues e a CULTURA DE INOVA\u00c7\u00c3O de sucesso\">\n\t\t\t\t\t<div class=\"yotu-video-thumb-wrp\">\n\t\t\t\t\t\t<div>\n\t\t\t\t\t\t\t\t\t\t\t\t\t\t<img class=\"yotu-video-thumb\" src=\"https:\/\/i.ytimg.com\/vi\/MN3Vuj14LzI\/sddefault.jpg\" alt=\"#38 Fernando Domingues e a CULTURA DE INOVA\u00c7\u00c3O de sucesso\">\t\n\t\t\t\t\t\t\t\t\t\t\t\t\t<\/div>\n\t\t\t\t\t<\/div>\n\t\t\t\t\t\t\t\t\t\t\t<h3 class=\"yotu-video-title\">#38 Fernando Domingues e a CULTURA DE INOVA\u00c7\u00c3O de sucesso<\/h3>\n\t\t\t\t\t\t\t\t\t\t\t\t\t\t\t\t\t\t\t<\/a>\n\t\t\t\t\t\t\t<\/li>\n\t\t\t\t\n\t\t\t\t\t\t<li class=\"\">\n\t\t\t\t\t\t\t\t<a href=\"#CkoaOqqUTK4\" class=\"yotu-video\" data-videoid=\"CkoaOqqUTK4\" data-title=\"#37 Rui Pedro Alves com conselhos sobre EMPREENDEDORISMO e LIDERAN\u00c7A\" title=\"#37 Rui Pedro Alves com conselhos sobre EMPREENDEDORISMO e LIDERAN\u00c7A\">\n\t\t\t\t\t<div class=\"yotu-video-thumb-wrp\">\n\t\t\t\t\t\t<div>\n\t\t\t\t\t\t\t\t\t\t\t\t\t\t<img class=\"yotu-video-thumb\" src=\"https:\/\/i.ytimg.com\/vi\/CkoaOqqUTK4\/sddefault.jpg\" alt=\"#37 Rui Pedro Alves com conselhos sobre EMPREENDEDORISMO e LIDERAN\u00c7A\">\t\n\t\t\t\t\t\t\t\t\t\t\t\t\t<\/div>\n\t\t\t\t\t<\/div>\n\t\t\t\t\t\t\t\t\t\t\t<h3 class=\"yotu-video-title\">#37 Rui Pedro Alves com conselhos sobre EMPREENDEDORISMO e LIDERAN\u00c7A<\/h3>\n\t\t\t\t\t\t\t\t\t\t\t\t\t\t\t\t\t\t\t<\/a>\n\t\t\t\t\t\t\t<\/li>\n\t\t\t\t\n\t\t\t\t\t\t<li class=\"\">\n\t\t\t\t\t\t\t\t<a href=\"#2PYymmo6LyY\" class=\"yotu-video\" data-videoid=\"2PYymmo6LyY\" data-title=\"#36 Virg\u00ednia Coutinho em super conversa sobre MARKETING INTERNACIONAL\" title=\"#36 Virg\u00ednia Coutinho em super conversa sobre MARKETING INTERNACIONAL\">\n\t\t\t\t\t<div class=\"yotu-video-thumb-wrp\">\n\t\t\t\t\t\t<div>\n\t\t\t\t\t\t\t\t\t\t\t\t\t\t<img class=\"yotu-video-thumb\" src=\"https:\/\/i.ytimg.com\/vi\/2PYymmo6LyY\/sddefault.jpg\" alt=\"#36 Virg\u00ednia Coutinho em super conversa sobre MARKETING INTERNACIONAL\">\t\n\t\t\t\t\t\t\t\t\t\t\t\t\t<\/div>\n\t\t\t\t\t<\/div>\n\t\t\t\t\t\t\t\t\t\t\t<h3 class=\"yotu-video-title\">#36 Virg\u00ednia Coutinho em super conversa sobre MARKETING INTERNACIONAL<\/h3>\n\t\t\t\t\t\t\t\t\t\t\t\t\t\t\t\t\t\t\t<\/a>\n\t\t\t\t\t\t\t<\/li>\n\t\t\t\t\n\t\t\t\t\t\t<li class=\"\">\n\t\t\t\t\t\t\t\t<a href=\"#SHa3mfLiyWY\" class=\"yotu-video\" data-videoid=\"SHa3mfLiyWY\" data-title=\"#35 Jo\u00e3o Miguel Lopes partilha a magia do TRANSMEDIA STORYTELLING\" title=\"#35 Jo\u00e3o Miguel Lopes partilha a magia do TRANSMEDIA STORYTELLING\">\n\t\t\t\t\t<div class=\"yotu-video-thumb-wrp\">\n\t\t\t\t\t\t<div>\n\t\t\t\t\t\t\t\t\t\t\t\t\t\t<img class=\"yotu-video-thumb\" src=\"https:\/\/i.ytimg.com\/vi\/SHa3mfLiyWY\/sddefault.jpg\" alt=\"#35 Jo\u00e3o Miguel Lopes partilha a magia do TRANSMEDIA STORYTELLING\">\t\n\t\t\t\t\t\t\t\t\t\t\t\t\t<\/div>\n\t\t\t\t\t<\/div>\n\t\t\t\t\t\t\t\t\t\t\t<h3 class=\"yotu-video-title\">#35 Jo\u00e3o Miguel Lopes partilha a magia do TRANSMEDIA STORYTELLING<\/h3>\n\t\t\t\t\t\t\t\t\t\t\t\t\t\t\t\t\t\t\t<\/a>\n\t\t\t\t\t\t\t<\/li>\n\t\t\t\t\n\t\t\t\t\t\t<li class=\"\">\n\t\t\t\t\t\t\t\t<a href=\"#hW6kSU-FUq0\" class=\"yotu-video\" data-videoid=\"hW6kSU-FUq0\" data-title=\"#34 Leonardo Oliveira sobre AG\u00caNCIA VS IN-HOUSE\" title=\"#34 Leonardo Oliveira sobre AG\u00caNCIA VS IN-HOUSE\">\n\t\t\t\t\t<div class=\"yotu-video-thumb-wrp\">\n\t\t\t\t\t\t<div>\n\t\t\t\t\t\t\t\t\t\t\t\t\t\t<img class=\"yotu-video-thumb\" src=\"https:\/\/i.ytimg.com\/vi\/hW6kSU-FUq0\/sddefault.jpg\" alt=\"#34 Leonardo Oliveira sobre AG\u00caNCIA VS IN-HOUSE\">\t\n\t\t\t\t\t\t\t\t\t\t\t\t\t<\/div>\n\t\t\t\t\t<\/div>\n\t\t\t\t\t\t\t\t\t\t\t<h3 class=\"yotu-video-title\">#34 Leonardo Oliveira sobre AG\u00caNCIA VS IN-HOUSE<\/h3>\n\t\t\t\t\t\t\t\t\t\t\t\t\t\t\t\t\t\t\t<\/a>\n\t\t\t\t\t\t\t<\/li>\n\t\t\t\t\n\t\t\t\t\t\t<li class=\"\">\n\t\t\t\t\t\t\t\t<a href=\"#XCXyyyDMl4w\" class=\"yotu-video\" data-videoid=\"XCXyyyDMl4w\" data-title=\"#33 Ricardo Tom\u00e9 sem segredos fala sobre FIGURAS P\u00daBLICAS e INFLUENCIADORES\" title=\"#33 Ricardo Tom\u00e9 sem segredos fala sobre FIGURAS P\u00daBLICAS e INFLUENCIADORES\">\n\t\t\t\t\t<div class=\"yotu-video-thumb-wrp\">\n\t\t\t\t\t\t<div>\n\t\t\t\t\t\t\t\t\t\t\t\t\t\t<img class=\"yotu-video-thumb\" src=\"https:\/\/i.ytimg.com\/vi\/XCXyyyDMl4w\/sddefault.jpg\" alt=\"#33 Ricardo Tom\u00e9 sem segredos fala sobre FIGURAS P\u00daBLICAS e INFLUENCIADORES\">\t\n\t\t\t\t\t\t\t\t\t\t\t\t\t<\/div>\n\t\t\t\t\t<\/div>\n\t\t\t\t\t\t\t\t\t\t\t<h3 class=\"yotu-video-title\">#33 Ricardo Tom\u00e9 sem segredos fala sobre FIGURAS P\u00daBLICAS e INFLUENCIADORES<\/h3>\n\t\t\t\t\t\t\t\t\t\t\t\t\t\t\t\t\t\t\t<\/a>\n\t\t\t\t\t\t\t<\/li>\n\t\t\t\t\n\t\t\t\t\t\t<li class=\"\">\n\t\t\t\t\t\t\t\t<a href=\"#URP-GKqb99g\" class=\"yotu-video\" data-videoid=\"URP-GKqb99g\" data-title=\"#32 Pedro Pereira da Costa explica a import\u00e2ncia da USER EXPERIENCE\" title=\"#32 Pedro Pereira da Costa explica a import\u00e2ncia da USER EXPERIENCE\">\n\t\t\t\t\t<div class=\"yotu-video-thumb-wrp\">\n\t\t\t\t\t\t<div>\n\t\t\t\t\t\t\t\t\t\t\t\t\t\t<img class=\"yotu-video-thumb\" src=\"https:\/\/i.ytimg.com\/vi\/URP-GKqb99g\/sddefault.jpg\" alt=\"#32 Pedro Pereira da Costa explica a import\u00e2ncia da USER EXPERIENCE\">\t\n\t\t\t\t\t\t\t\t\t\t\t\t\t<\/div>\n\t\t\t\t\t<\/div>\n\t\t\t\t\t\t\t\t\t\t\t<h3 class=\"yotu-video-title\">#32 Pedro Pereira da Costa explica a import\u00e2ncia da USER EXPERIENCE<\/h3>\n\t\t\t\t\t\t\t\t\t\t\t\t\t\t\t\t\t\t\t<\/a>\n\t\t\t\t\t\t\t<\/li>\n\t\t\t\t\n\t\t\t\t\t\t<li class=\" yotu-last\">\n\t\t\t\t\t\t\t\t<a href=\"#07TGzed7L-A\" class=\"yotu-video\" data-videoid=\"07TGzed7L-A\" data-title=\"#31 Diogo Caldas conta tudo sobre DISTRIBUI\u00c7\u00c3O DE VIDEO\" title=\"#31 Diogo Caldas conta tudo sobre DISTRIBUI\u00c7\u00c3O DE VIDEO\">\n\t\t\t\t\t<div class=\"yotu-video-thumb-wrp\">\n\t\t\t\t\t\t<div>\n\t\t\t\t\t\t\t\t\t\t\t\t\t\t<img class=\"yotu-video-thumb\" src=\"https:\/\/i.ytimg.com\/vi\/07TGzed7L-A\/sddefault.jpg\" alt=\"#31 Diogo Caldas conta tudo sobre DISTRIBUI\u00c7\u00c3O DE VIDEO\">\t\n\t\t\t\t\t\t\t\t\t\t\t\t\t<\/div>\n\t\t\t\t\t<\/div>\n\t\t\t\t\t\t\t\t\t\t\t<h3 class=\"yotu-video-title\">#31 Diogo Caldas conta tudo sobre DISTRIBUI\u00c7\u00c3O DE VIDEO<\/h3>\n\t\t\t\t\t\t\t\t\t\t\t\t\t\t\t\t\t\t\t<\/a>\n\t\t\t\t\t\t\t<\/li>\n\t\t\t\t\n\t\t\t\t<\/ul>\n<\/div><div class=\"yotu-pagination yotu-pager_layout-default yotu-pagination-bottom\">\n<a href=\"#\" class=\"yotu-pagination-prev yotu-button-prs yotu-button-prs-1\" data-page=\"prev\">Anterior<\/a>\n<span class=\"yotu-pagination-current\">1<\/span> <span>de<\/span> <span class=\"yotu-pagination-total\">4<\/span>\n<a href=\"#\" class=\"yotu-pagination-next yotu-button-prs yotu-button-prs-1\" data-page=\"next\">Pr\u00f3ximo<\/a>\n<\/div>\n\t\t\t\t<\/div>\n\t\t\t<\/div>\n\t\t\t\n<div style=\"text-align: center\">\n<h3><span style=\"color: #000000\">Subscreve o meu Canal no YouTube<\/span><\/h3>\n<a class=\"maxbutton-2 maxbutton maxbutton-youtube\" target=\"_blank\" rel=\"noopener\" href=\"https:\/\/www.youtube.com\/channel\/UCmHzUUOwgZiBRtRvRUWUGvw?sub_confirmation=1\"><span class='mb-text'>SUBSCREVER-SE<\/span><\/a>\n\n<\/div>                        <\/div>\n                    <\/div>\n                                    <div class=\"tab-pane elementkit-tab-pane elementor-repeater-item-2018725 \" id=\"content-201872569e180489d1c8\" role=\"tabpanel\"\n                         aria-labelledby=\"content-201872569e180489d1c8-tab\">\n                        <div class=\"animated fadeIn\">\n                            <iframe loading=\"lazy\" src=\"https:\/\/open.spotify.com\/embed\/show\/6ujFOw1wkTXkupYKlrYIWo?theme=0\" width=\"100%\" height=\"232\" frameborder=\"0\"><\/iframe>\n<div style=\"text-align: center\">\n<h3><span style=\"color: #000000\">Ouve na Plataforma<\/span><\/h3>\n<a class=\"maxbutton-2 maxbutton maxbutton-youtube\" target=\"_blank\" rel=\"noopener\" href=\"https:\/\/hi.switchy.io\/Spotify-AndreNovaisdePaula\"><span class='mb-text'>SPOTIFY<\/span><\/a>\n<a class=\"maxbutton-2 maxbutton maxbutton-youtube\" target=\"_blank\" rel=\"noopener\" href=\"https:\/\/podcasts.apple.com\/pt\/podcast\/entrevistas-com-marketing-gurus-by-andr\u00e9-novais-de-paula\/id1488380054\"><span class='mb-text'>APPLE PODCASTS<\/span><\/a>\n<a class=\"maxbutton-2 maxbutton maxbutton-youtube\" target=\"_blank\" rel=\"noopener\" href=\"https:\/\/podcasts.google.com\/feed\/aHR0cHM6Ly9hbmNob3IuZm0vcy9kY2Y2NWI4L3BvZGNhc3QvcnNz\"><span class='mb-text'>GOOGLE PODCASTS<\/span><\/a>\n\n<\/div>                        <\/div>\n                    <\/div>\n                            <\/div>\n        <\/div>\n    <\/div>\t\t<\/div>\n\t\t\t\t<\/div>\n\t\t\t\t\t\t<\/div>\n\t\t\t\t\t<\/div>\n\t\t<\/div>\n\t\t\t\t\t\t\t\t<\/div>\n\t\t\t\t\t<\/div>\n\t\t<\/section>\n\t\t\t\t\t\t\t\t\t<\/div>\n\t\t\t<\/div>\n\t\t\t\t\t<\/div>\n\t\t<script type=\"text\/javascript\"> toolTips('.classtoolTips136','\u00c9 a manifesta\u00e7\u00e3o de uma empresa num mercado.<br\/>'); <\/script><script type=\"text\/javascript\"> toolTips('.classtoolTips146','Formato de conte\u00fado de \u00e1udio que \u00e9 partilhado em plataformas de streaming de \u00e1udio.<br\/>'); <\/script><script type=\"text\/javascript\"> toolTips('.classtoolTips151','Ac\u00e7\u00e3o de carregar num link, an\u00fancio, bot\u00e3o, etc.<br\/>'); <\/script><script type=\"text\/javascript\"> toolTips('.classtoolTips160','\u00c9 um programa de computador ou aplicativo de software projectado para ser executado em um dispositivo m\u00f3vel, como um smartphone, tablet ou rel\u00f3gio.'); <\/script>","protected":false},"excerpt":{"rendered":"<p>Entrevistas com Marketing Gurus Youtube Podcast #42 Estrat\u00e9gias de sucesso em DIGITAL GROWTH com In\u00eas Coelho A minha convidada nas Entrevistas com Marketing Gurus \u00e9 a In\u00eas Coelho, respons\u00e1vel de Digital Growth nos CTT Nas palavras da In\u00eas, o digital growth serve para potenciar o crescimento de um produto ou de uma empresa do ponto [&hellip;]<\/p>\n","protected":false},"author":1,"featured_media":0,"parent":0,"menu_order":0,"comment_status":"closed","ping_status":"closed","template":"elementor_header_footer","meta":{"inline_featured_image":false,"_monsterinsights_skip_tracking":false,"_monsterinsights_sitenote_active":false,"_monsterinsights_sitenote_note":"","_monsterinsights_sitenote_category":0},"_links":{"self":[{"href":"https:\/\/andrenovaisdepaula.com\/site\/wp-json\/wp\/v2\/pages\/617"}],"collection":[{"href":"https:\/\/andrenovaisdepaula.com\/site\/wp-json\/wp\/v2\/pages"}],"about":[{"href":"https:\/\/andrenovaisdepaula.com\/site\/wp-json\/wp\/v2\/types\/page"}],"author":[{"embeddable":true,"href":"https:\/\/andrenovaisdepaula.com\/site\/wp-json\/wp\/v2\/users\/1"}],"replies":[{"embeddable":true,"href":"https:\/\/andrenovaisdepaula.com\/site\/wp-json\/wp\/v2\/comments?post=617"}],"version-history":[{"count":82,"href":"https:\/\/andrenovaisdepaula.com\/site\/wp-json\/wp\/v2\/pages\/617\/revisions"}],"predecessor-version":[{"id":13024,"href":"https:\/\/andrenovaisdepaula.com\/site\/wp-json\/wp\/v2\/pages\/617\/revisions\/13024"}],"wp:attachment":[{"href":"https:\/\/andrenovaisdepaula.com\/site\/wp-json\/wp\/v2\/media?parent=617"}],"curies":[{"name":"wp","href":"https:\/\/api.w.org\/{rel}","templated":true}]}}