{"id":10894,"date":"2021-06-12T11:03:36","date_gmt":"2021-06-12T11:03:36","guid":{"rendered":"https:\/\/andrenovaisdepaula.com\/site\/?page_id=10894"},"modified":"2021-10-07T13:49:54","modified_gmt":"2021-10-07T13:49:54","slug":"parcerias","status":"publish","type":"page","link":"https:\/\/andrenovaisdepaula.com\/site\/parcerias\/","title":{"rendered":"Parcerias"},"content":{"rendered":"\t\t<div data-elementor-type=\"wp-page\" data-elementor-id=\"10894\" class=\"elementor elementor-10894\">\n\t\t\t\t\t\t<div class=\"elementor-inner\">\n\t\t\t\t<div class=\"elementor-section-wrap\">\n\t\t\t\t\t\t\t\t\t<section class=\"elementor-section elementor-top-section elementor-element elementor-element-6685f7c elementor-section-height-min-height elementor-section-boxed elementor-section-height-default elementor-section-items-middle\" data-id=\"6685f7c\" data-element_type=\"section\" data-settings=\"{&quot;background_background&quot;:&quot;classic&quot;}\">\n\t\t\t\t\t\t<div class=\"elementor-container elementor-column-gap-default\">\n\t\t\t\t\t\t\t<div class=\"elementor-row\">\n\t\t\t\t\t<div class=\"elementor-column elementor-col-100 elementor-top-column elementor-element elementor-element-848e5b3\" data-id=\"848e5b3\" data-element_type=\"column\">\n\t\t\t<div class=\"elementor-column-wrap\">\n\t\t\t\t\t\t\t<div class=\"elementor-widget-wrap\">\n\t\t\t\t\t\t\t\t<\/div>\n\t\t\t\t\t<\/div>\n\t\t<\/div>\n\t\t\t\t\t\t\t\t<\/div>\n\t\t\t\t\t<\/div>\n\t\t<\/section>\n\t\t\t\t<section class=\"elementor-section elementor-top-section elementor-element elementor-element-61126d5 elementor-section-boxed elementor-section-height-default elementor-section-height-default\" data-id=\"61126d5\" data-element_type=\"section\">\n\t\t\t\t\t\t<div class=\"elementor-container elementor-column-gap-default\">\n\t\t\t\t\t\t\t<div class=\"elementor-row\">\n\t\t\t\t\t<div class=\"elementor-column elementor-col-100 elementor-top-column elementor-element elementor-element-2d14ed3\" data-id=\"2d14ed3\" data-element_type=\"column\">\n\t\t\t<div class=\"elementor-column-wrap elementor-element-populated\">\n\t\t\t\t\t\t\t<div class=\"elementor-widget-wrap\">\n\t\t\t\t\t\t<div class=\"elementor-element elementor-element-b974cde elementor-widget elementor-widget-elementskit-heading\" data-id=\"b974cde\" data-element_type=\"widget\" data-widget_type=\"elementskit-heading.default\">\n\t\t\t\t<div class=\"elementor-widget-container\">\n\t\t\t<div class=\"ekit-wid-con\" ><div class=\"ekit-heading elementskit-section-title-wraper text_left   ekit_heading_tablet-   ekit_heading_mobile-\"><h2 class=\"ekit-heading--title elementskit-section-title \">\n\t\t\t\t\tParcerias e Descontos\n\t\t\t\t<\/h2><div class=\"ekit_heading_separetor_wraper ekit_heading_elementskit-border-divider elementskit-style-long\"><div class=\"elementskit-border-divider elementskit-style-long\"><\/div><\/div><\/div><\/div>\t\t<\/div>\n\t\t\t\t<\/div>\n\t\t\t\t\t\t<\/div>\n\t\t\t\t\t<\/div>\n\t\t<\/div>\n\t\t\t\t\t\t\t\t<\/div>\n\t\t\t\t\t<\/div>\n\t\t<\/section>\n\t\t\t\t<section class=\"elementor-section elementor-top-section elementor-element elementor-element-b3c5b74 elementor-section-boxed elementor-section-height-default elementor-section-height-default\" data-id=\"b3c5b74\" data-element_type=\"section\">\n\t\t\t\t\t\t<div class=\"elementor-container elementor-column-gap-default\">\n\t\t\t\t\t\t\t<div class=\"elementor-row\">\n\t\t\t\t\t<div class=\"elementor-column elementor-col-100 elementor-top-column elementor-element elementor-element-f195d1d\" data-id=\"f195d1d\" data-element_type=\"column\">\n\t\t\t<div class=\"elementor-column-wrap elementor-element-populated\">\n\t\t\t\t\t\t\t<div class=\"elementor-widget-wrap\">\n\t\t\t\t\t\t<section class=\"elementor-section elementor-inner-section elementor-element elementor-element-9e0305b elementor-section-boxed elementor-section-height-default elementor-section-height-default\" data-id=\"9e0305b\" data-element_type=\"section\">\n\t\t\t\t\t\t<div class=\"elementor-container elementor-column-gap-default\">\n\t\t\t\t\t\t\t<div class=\"elementor-row\">\n\t\t\t\t\t<div class=\"elementor-column elementor-col-100 elementor-inner-column elementor-element elementor-element-678b5a1\" data-id=\"678b5a1\" data-element_type=\"column\">\n\t\t\t<div class=\"elementor-column-wrap elementor-element-populated\">\n\t\t\t\t\t\t\t<div class=\"elementor-widget-wrap\">\n\t\t\t\t\t\t<div class=\"elementor-element elementor-element-9a566ec elementor-widget elementor-widget-text-editor\" data-id=\"9a566ec\" data-element_type=\"widget\" data-widget_type=\"text-editor.default\">\n\t\t\t\t<div class=\"elementor-widget-container\">\n\t\t\t\t\t\t\t\t<div class=\"elementor-text-editor elementor-clearfix\">\n\t\t\t\t<p>\u201cSe queres ir depressa vai sozinho. Se queres ir longe, vai acompanhado\u201d. Acredito piamente neste prov\u00e9rbio Africano e por isso conto com a ajuda de diversos Parceiros para apoiar o meu neg\u00f3cio. Trabalho, com as que acredito, serem as melhores empresas no mercado dentro das suas \u00e1reas.<\/p><p>Abaixo poder\u00e1s descobrir um pouco mais sobre cada uma delas e aproveitar os descontos que preparei para ti.<\/p>\t\t\t\t\t<\/div>\n\t\t\t\t\t\t<\/div>\n\t\t\t\t<\/div>\n\t\t\t\t\t\t<\/div>\n\t\t\t\t\t<\/div>\n\t\t<\/div>\n\t\t\t\t\t\t\t\t<\/div>\n\t\t\t\t\t<\/div>\n\t\t<\/section>\n\t\t\t\t\t\t<\/div>\n\t\t\t\t\t<\/div>\n\t\t<\/div>\n\t\t\t\t\t\t\t\t<\/div>\n\t\t\t\t\t<\/div>\n\t\t<\/section>\n\t\t\t\t<section class=\"elementor-section elementor-top-section elementor-element elementor-element-fad3740 elementor-section-boxed elementor-section-height-default elementor-section-height-default\" data-id=\"fad3740\" data-element_type=\"section\">\n\t\t\t\t\t\t<div class=\"elementor-container elementor-column-gap-default\">\n\t\t\t\t\t\t\t<div class=\"elementor-row\">\n\t\t\t\t\t<div class=\"elementor-column elementor-col-100 elementor-top-column elementor-element elementor-element-1b34daf\" data-id=\"1b34daf\" data-element_type=\"column\">\n\t\t\t<div class=\"elementor-column-wrap elementor-element-populated\">\n\t\t\t\t\t\t\t<div class=\"elementor-widget-wrap\">\n\t\t\t\t\t\t<section class=\"elementor-section elementor-inner-section elementor-element elementor-element-eaae481 elementor-section-boxed elementor-section-height-default elementor-section-height-default\" data-id=\"eaae481\" data-element_type=\"section\">\n\t\t\t\t\t\t<div class=\"elementor-container elementor-column-gap-default\">\n\t\t\t\t\t\t\t<div class=\"elementor-row\">\n\t\t\t\t\t<div class=\"elementor-column elementor-col-50 elementor-inner-column elementor-element elementor-element-923840c\" data-id=\"923840c\" data-element_type=\"column\">\n\t\t\t<div class=\"elementor-column-wrap elementor-element-populated\">\n\t\t\t\t\t\t\t<div class=\"elementor-widget-wrap\">\n\t\t\t\t\t\t<div class=\"elementor-element elementor-element-2c97727 elementor-widget elementor-widget-heading\" data-id=\"2c97727\" data-element_type=\"widget\" data-widget_type=\"heading.default\">\n\t\t\t\t<div class=\"elementor-widget-container\">\n\t\t\t<h2 class=\"elementor-heading-title elementor-size-default\">WebHS<\/h2>\t\t<\/div>\n\t\t\t\t<\/div>\n\t\t\t\t<div class=\"elementor-element elementor-element-1f68136 elementor-widget elementor-widget-text-editor\" data-id=\"1f68136\" data-element_type=\"widget\" data-widget_type=\"text-editor.default\">\n\t\t\t\t<div class=\"elementor-widget-container\">\n\t\t\t\t\t\t\t\t<div class=\"elementor-text-editor elementor-clearfix\">\n\t\t\t\t<p>A WebHS \u00e9 a empresa \u00e0 qual confio os meus Dom\u00ednios, Alojamentos e Certificados de Seguran\u00e7a. Sem qualquer d\u00favida de que \u00e9 a minha empresa de elei\u00e7\u00e3o dentro deste tipo de tecnologia. Os servi\u00e7os funcionam muito bem e quando h\u00e1 a necessidade de resolver alguma quest\u00e3o, o apoio ao Cliente \u00e9 r\u00e1pido e fant\u00e1stico.<\/p><p><strong>Oferta: 10% de desconto<\/strong> em todos os planos de alojamento web Linux e Windows<br \/><b>Condi\u00e7\u00f5es: <\/b>V\u00e1lido apenas uma vez por Cliente. Sem data de expira\u00e7\u00e3o<br \/><strong>C\u00f3digo:<\/strong> ANP10<br \/><strong>Mec\u00e2nica:<\/strong> Usa o c\u00f3digo quando estiveres a fazer a pagamento<\/p>\t\t\t\t\t<\/div>\n\t\t\t\t\t\t<\/div>\n\t\t\t\t<\/div>\n\t\t\t\t<div class=\"elementor-element elementor-element-446d4ee elementor-widget elementor-widget-button\" data-id=\"446d4ee\" data-element_type=\"widget\" data-widget_type=\"button.default\">\n\t\t\t\t<div class=\"elementor-widget-container\">\n\t\t\t\t\t<div class=\"elementor-button-wrapper\">\n\t\t\t<a href=\"https:\/\/www.webhs.pt?lover=546\" target=\"_blank\" rel=\"nofollow\" class=\"elementor-button-link elementor-button elementor-size-sm\" role=\"button\">\n\t\t\t\t\t\t<span class=\"elementor-button-content-wrapper\">\n\t\t\t\t\t\t<span class=\"elementor-button-text\">Visita o site da WebHS<\/span>\n\t\t<\/span>\n\t\t\t\t\t<\/a>\n\t\t<\/div>\n\t\t\t\t<\/div>\n\t\t\t\t<\/div>\n\t\t\t\t\t\t<\/div>\n\t\t\t\t\t<\/div>\n\t\t<\/div>\n\t\t\t\t<div class=\"elementor-column elementor-col-50 elementor-inner-column elementor-element elementor-element-86576ff\" data-id=\"86576ff\" data-element_type=\"column\">\n\t\t\t<div class=\"elementor-column-wrap elementor-element-populated\">\n\t\t\t\t\t\t\t<div class=\"elementor-widget-wrap\">\n\t\t\t\t\t\t<div class=\"elementor-element elementor-element-9575040 elementor-widget elementor-widget-image\" data-id=\"9575040\" data-element_type=\"widget\" data-widget_type=\"image.default\">\n\t\t\t\t<div class=\"elementor-widget-container\">\n\t\t\t\t\t\t\t\t<div class=\"elementor-image\">\n\t\t\t\t\t\t\t\t\t\t\t\t\t<a href=\"https:\/\/www.webhs.pt\/?utm_source=andrenovaispaula\" target=\"_blank\" rel=\"nofollow noopener\">\n\t\t\t\t\t\t\t<img width=\"600\" height=\"600\" src=\"https:\/\/andrenovaisdepaula.com\/site\/wp-content\/uploads\/2021\/06\/webhs_alojamento.jpeg\" class=\"attachment-large size-large\" alt=\"\" loading=\"lazy\" srcset=\"https:\/\/andrenovaisdepaula.com\/site\/wp-content\/uploads\/2021\/06\/webhs_alojamento.jpeg 600w, https:\/\/andrenovaisdepaula.com\/site\/wp-content\/uploads\/2021\/06\/webhs_alojamento-300x300.jpeg 300w, https:\/\/andrenovaisdepaula.com\/site\/wp-content\/uploads\/2021\/06\/webhs_alojamento-100x100.jpeg 100w, https:\/\/andrenovaisdepaula.com\/site\/wp-content\/uploads\/2021\/06\/webhs_alojamento-500x500.jpeg 500w, https:\/\/andrenovaisdepaula.com\/site\/wp-content\/uploads\/2021\/06\/webhs_alojamento-150x150.jpeg 150w\" sizes=\"(max-width: 600px) 100vw, 600px\" \/>\t\t\t\t\t\t\t\t<\/a>\n\t\t\t\t\t\t\t\t\t\t\t\t\t\t<\/div>\n\t\t\t\t\t\t<\/div>\n\t\t\t\t<\/div>\n\t\t\t\t\t\t<\/div>\n\t\t\t\t\t<\/div>\n\t\t<\/div>\n\t\t\t\t\t\t\t\t<\/div>\n\t\t\t\t\t<\/div>\n\t\t<\/section>\n\t\t\t\t<section class=\"elementor-section elementor-inner-section elementor-element elementor-element-37d188e elementor-section-boxed elementor-section-height-default elementor-section-height-default\" data-id=\"37d188e\" data-element_type=\"section\">\n\t\t\t\t\t\t<div class=\"elementor-container elementor-column-gap-default\">\n\t\t\t\t\t\t\t<div class=\"elementor-row\">\n\t\t\t\t\t<div class=\"elementor-column elementor-col-50 elementor-inner-column elementor-element elementor-element-04858aa\" data-id=\"04858aa\" data-element_type=\"column\">\n\t\t\t<div class=\"elementor-column-wrap elementor-element-populated\">\n\t\t\t\t\t\t\t<div class=\"elementor-widget-wrap\">\n\t\t\t\t\t\t<div class=\"elementor-element elementor-element-31c55cc elementor-widget elementor-widget-image\" data-id=\"31c55cc\" data-element_type=\"widget\" data-widget_type=\"image.default\">\n\t\t\t\t<div class=\"elementor-widget-container\">\n\t\t\t\t\t\t\t\t<div class=\"elementor-image\">\n\t\t\t\t\t\t\t\t\t\t\t\t\t<a href=\"https:\/\/invoicexpress.com\/?utm_source=anp&#038;utm_medium=banner&#038;utm_campaign=desc_10\" target=\"_blank\" rel=\"noopener\">\n\t\t\t\t\t\t\t<img width=\"600\" height=\"600\" src=\"https:\/\/andrenovaisdepaula.com\/site\/wp-content\/uploads\/2021\/06\/Logo_InvoiceXpress.png\" class=\"attachment-large size-large\" alt=\"InvoiceXpress\" loading=\"lazy\" srcset=\"https:\/\/andrenovaisdepaula.com\/site\/wp-content\/uploads\/2021\/06\/Logo_InvoiceXpress.png 600w, https:\/\/andrenovaisdepaula.com\/site\/wp-content\/uploads\/2021\/06\/Logo_InvoiceXpress-300x300.png 300w, https:\/\/andrenovaisdepaula.com\/site\/wp-content\/uploads\/2021\/06\/Logo_InvoiceXpress-150x150.png 150w, https:\/\/andrenovaisdepaula.com\/site\/wp-content\/uploads\/2021\/06\/Logo_InvoiceXpress-500x500.png 500w, https:\/\/andrenovaisdepaula.com\/site\/wp-content\/uploads\/2021\/06\/Logo_InvoiceXpress-100x100.png 100w\" sizes=\"(max-width: 600px) 100vw, 600px\" \/>\t\t\t\t\t\t\t\t<\/a>\n\t\t\t\t\t\t\t\t\t\t\t\t\t\t<\/div>\n\t\t\t\t\t\t<\/div>\n\t\t\t\t<\/div>\n\t\t\t\t\t\t<\/div>\n\t\t\t\t\t<\/div>\n\t\t<\/div>\n\t\t\t\t<div class=\"elementor-column elementor-col-50 elementor-inner-column elementor-element elementor-element-6ed6ee0\" data-id=\"6ed6ee0\" data-element_type=\"column\">\n\t\t\t<div class=\"elementor-column-wrap elementor-element-populated\">\n\t\t\t\t\t\t\t<div class=\"elementor-widget-wrap\">\n\t\t\t\t\t\t<div class=\"elementor-element elementor-element-7f455e4 elementor-widget elementor-widget-heading\" data-id=\"7f455e4\" data-element_type=\"widget\" data-widget_type=\"heading.default\">\n\t\t\t\t<div class=\"elementor-widget-container\">\n\t\t\t<h2 class=\"elementor-heading-title elementor-size-default\">InvoiceXpress<\/h2>\t\t<\/div>\n\t\t\t\t<\/div>\n\t\t\t\t<div class=\"elementor-element elementor-element-0223e02 elementor-widget elementor-widget-text-editor\" data-id=\"0223e02\" data-element_type=\"widget\" data-widget_type=\"text-editor.default\">\n\t\t\t\t<div class=\"elementor-widget-container\">\n\t\t\t\t\t\t\t\t<div class=\"elementor-text-editor elementor-clearfix\">\n\t\t\t\t<p>O InvoiceXpress \u00e9 a plataforma de factura\u00e7\u00e3o que eu uso na empresa e que me permite ter uma vis\u00e3o global do meu neg\u00f3cio. A usabilidade da plataforma \u00e9 fant\u00e1stica e poupa-me imenso tempo todos os meses, tornando o que seriam tarefas lentas e aborrecidas em processos r\u00e1pidos e divertidos.<\/p><p><strong>Oferta:\u00a0<\/strong>Descobre o Lado Simples da Factura\u00e7\u00e3o com <b>10% de desconto<\/b> adicional sobre os valores dos planos<br \/><b>Condi\u00e7\u00f5es:<\/b> Esta promo\u00e7\u00e3o \u00e9 v\u00e1lida apenas para subscri\u00e7\u00f5es anuais (12 meses) e exclusiva para os planos S, M, L ou superiores<br \/><strong style=\"font-size: 1rem;\">C\u00f3digo: <\/strong><span style=\"font-size: 1rem;\">ANP10IX<br \/><\/span><strong style=\"font-size: 1rem;\">Mec\u00e2nica:\u00a0<\/strong><span style=\"font-size: 1rem;\">Acede ao InvoiceXpress, clica em &#8220;Experimentar Gr\u00e1tis&#8221; e cria uma conta gratuita. Posteriormente ser\u00e1s contactado pela equipa comercial e apenas ter\u00e1s de indicar o c\u00f3digo <\/span><b style=\"font-size: 1rem;\">ANP10IX<\/b><span style=\"font-size: 1rem;\"> para usufruir dos 10% de desconto adicionais. A equipa do InvoiceXpress enviar\u00e1 depois uma Refer\u00eancia Multibanco com o valor final da subscri\u00e7\u00e3o<\/span><\/p>\t\t\t\t\t<\/div>\n\t\t\t\t\t\t<\/div>\n\t\t\t\t<\/div>\n\t\t\t\t<div class=\"elementor-element elementor-element-552b065 elementor-widget elementor-widget-button\" data-id=\"552b065\" data-element_type=\"widget\" data-widget_type=\"button.default\">\n\t\t\t\t<div class=\"elementor-widget-container\">\n\t\t\t\t\t<div class=\"elementor-button-wrapper\">\n\t\t\t<a href=\"https:\/\/invoicexpress.com\/?utm_source=anp&#038;utm_medium=banner&#038;utm_campaign=desc_10\" target=\"_blank\" class=\"elementor-button-link elementor-button elementor-size-sm\" role=\"button\">\n\t\t\t\t\t\t<span class=\"elementor-button-content-wrapper\">\n\t\t\t\t\t\t<span class=\"elementor-button-text\">Visita o site da InvoiceXpress <\/span>\n\t\t<\/span>\n\t\t\t\t\t<\/a>\n\t\t<\/div>\n\t\t\t\t<\/div>\n\t\t\t\t<\/div>\n\t\t\t\t\t\t<\/div>\n\t\t\t\t\t<\/div>\n\t\t<\/div>\n\t\t\t\t\t\t\t\t<\/div>\n\t\t\t\t\t<\/div>\n\t\t<\/section>\n\t\t\t\t<section class=\"elementor-section elementor-inner-section elementor-element elementor-element-379c19a elementor-section-boxed elementor-section-height-default elementor-section-height-default\" data-id=\"379c19a\" data-element_type=\"section\">\n\t\t\t\t\t\t<div class=\"elementor-container elementor-column-gap-default\">\n\t\t\t\t\t\t\t<div class=\"elementor-row\">\n\t\t\t\t\t<div class=\"elementor-column elementor-col-50 elementor-inner-column elementor-element elementor-element-bae1ca4\" data-id=\"bae1ca4\" data-element_type=\"column\">\n\t\t\t<div class=\"elementor-column-wrap elementor-element-populated\">\n\t\t\t\t\t\t\t<div class=\"elementor-widget-wrap\">\n\t\t\t\t\t\t<div class=\"elementor-element elementor-element-eda9cbf elementor-widget elementor-widget-heading\" data-id=\"eda9cbf\" data-element_type=\"widget\" data-widget_type=\"heading.default\">\n\t\t\t\t<div class=\"elementor-widget-container\">\n\t\t\t<h2 class=\"elementor-heading-title elementor-size-default\">E-goi<\/h2>\t\t<\/div>\n\t\t\t\t<\/div>\n\t\t\t\t<div class=\"elementor-element elementor-element-eea4f57 elementor-widget elementor-widget-text-editor\" data-id=\"eea4f57\" data-element_type=\"widget\" data-widget_type=\"text-editor.default\">\n\t\t\t\t<div class=\"elementor-widget-container\">\n\t\t\t\t\t\t\t\t<div class=\"elementor-text-editor elementor-clearfix\">\n\t\t\t\t<p>O E-goi \u00e9 uma plataforma completa de <span class='tooltipsall tooltipsincontent classtoolTips46'>Marketing Automation<\/span> que me permite realizar <span class='tooltipsall tooltipsincontent classtoolTips92'>Email Marketing<\/span>, <span class='tooltipsall tooltipsincontent classtoolTips106'>SMS Marketing<\/span>, <span class='tooltipsall tooltipsincontent classtoolTips102'>Landing Pages<\/span>, Funis de Venda, Marketing Automation, An\u00fancios Online, etc. Tudo isto RGDP compliant.<\/p><p><strong>Oferta: <\/strong><br \/><strong>C\u00f3digo: <\/strong><br \/><strong>Mec\u00e2nica:<\/strong> <\/p>\t\t\t\t\t<\/div>\n\t\t\t\t\t\t<\/div>\n\t\t\t\t<\/div>\n\t\t\t\t<div class=\"elementor-element elementor-element-b1acd16 elementor-widget elementor-widget-button\" data-id=\"b1acd16\" data-element_type=\"widget\" data-widget_type=\"button.default\">\n\t\t\t\t<div class=\"elementor-widget-container\">\n\t\t\t\t\t<div class=\"elementor-button-wrapper\">\n\t\t\t<a href=\"https:\/\/www.e-goi.com\/?a=9AfD8N8bd3AY0\" target=\"_blank\" rel=\"nofollow\" class=\"elementor-button-link elementor-button elementor-size-sm\" role=\"button\">\n\t\t\t\t\t\t<span class=\"elementor-button-content-wrapper\">\n\t\t\t\t\t\t<span class=\"elementor-button-text\">Visita o site da E-goi<\/span>\n\t\t<\/span>\n\t\t\t\t\t<\/a>\n\t\t<\/div>\n\t\t\t\t<\/div>\n\t\t\t\t<\/div>\n\t\t\t\t\t\t<\/div>\n\t\t\t\t\t<\/div>\n\t\t<\/div>\n\t\t\t\t<div class=\"elementor-column elementor-col-50 elementor-inner-column elementor-element elementor-element-34a1e1a\" data-id=\"34a1e1a\" data-element_type=\"column\">\n\t\t\t<div class=\"elementor-column-wrap elementor-element-populated\">\n\t\t\t\t\t\t\t<div class=\"elementor-widget-wrap\">\n\t\t\t\t\t\t<div class=\"elementor-element elementor-element-aebeab5 elementor-widget elementor-widget-image\" data-id=\"aebeab5\" data-element_type=\"widget\" data-widget_type=\"image.default\">\n\t\t\t\t<div class=\"elementor-widget-container\">\n\t\t\t\t\t\t\t\t<div class=\"elementor-image\">\n\t\t\t\t\t\t\t\t\t\t\t\t\t<a href=\"https:\/\/www.e-goi.com\/?a=9AfD8N8bd3AY0\" target=\"_blank\" rel=\"nofollow noopener\">\n\t\t\t\t\t\t\t<img width=\"501\" height=\"200\" src=\"https:\/\/andrenovaisdepaula.com\/site\/wp-content\/uploads\/2021\/06\/logo-e-goi-e1624010896867.jpg\" class=\"attachment-large size-large\" alt=\"\" loading=\"lazy\" srcset=\"https:\/\/andrenovaisdepaula.com\/site\/wp-content\/uploads\/2021\/06\/logo-e-goi-e1624010896867.jpg 501w, https:\/\/andrenovaisdepaula.com\/site\/wp-content\/uploads\/2021\/06\/logo-e-goi-e1624010896867-300x120.jpg 300w\" sizes=\"(max-width: 501px) 100vw, 501px\" \/>\t\t\t\t\t\t\t\t<\/a>\n\t\t\t\t\t\t\t\t\t\t\t\t\t\t<\/div>\n\t\t\t\t\t\t<\/div>\n\t\t\t\t<\/div>\n\t\t\t\t\t\t<\/div>\n\t\t\t\t\t<\/div>\n\t\t<\/div>\n\t\t\t\t\t\t\t\t<\/div>\n\t\t\t\t\t<\/div>\n\t\t<\/section>\n\t\t\t\t\t\t<\/div>\n\t\t\t\t\t<\/div>\n\t\t<\/div>\n\t\t\t\t\t\t\t\t<\/div>\n\t\t\t\t\t<\/div>\n\t\t<\/section>\n\t\t\t\t\t\t\t\t\t<\/div>\n\t\t\t<\/div>\n\t\t\t\t\t<\/div>\n\t\t<script type=\"text\/javascript\"> toolTips('.classtoolTips46','Processo de automatizar certas ac\u00e7\u00f5es de <span class='tooltipsall tooltipsincontent classtoolTips136'>Marketing<\/span> , aumentando assim a efici\u00eancia dos esfor\u00e7os de Marketing.<br\/>'); <\/script><script type=\"text\/javascript\"> toolTips('.classtoolTips92','\u00c9 a ac\u00e7\u00e3o de enviar uma mensagem comercial para uma Base de Dados usando email.<br\/>'); <\/script><script type=\"text\/javascript\"> toolTips('.classtoolTips102','Site de p\u00e1gina \u00fanica criada para servir um prop\u00f3sito de <span class='tooltipsall tooltipsincontent classtoolTips127'>convers\u00e3o<\/span> numa campanha de Marketing.<br\/>'); <\/script><script type=\"text\/javascript\"> toolTips('.classtoolTips106','Realiza\u00e7\u00e3o de campanhas atrav\u00e9s do envio de SMS para um Base de Dados.<br\/>'); <\/script><script type=\"text\/javascript\"> toolTips('.classtoolTips136','\u00c9 a manifesta\u00e7\u00e3o de uma empresa num mercado.<br\/>'); <\/script><script type=\"text\/javascript\"> toolTips('.classtoolTips160','\u00c9 um programa de computador ou aplicativo de software projectado para ser executado em um dispositivo m\u00f3vel, como um smartphone, tablet ou rel\u00f3gio.'); <\/script>","protected":false},"excerpt":{"rendered":"<p>Parcerias e Descontos \u201cSe queres ir depressa vai sozinho. Se queres ir longe, vai acompanhado\u201d. Acredito piamente neste prov\u00e9rbio Africano e por isso conto com a ajuda de diversos Parceiros para apoiar o meu neg\u00f3cio. Trabalho, com as que acredito, serem as melhores empresas no mercado dentro das suas \u00e1reas. Abaixo poder\u00e1s descobrir um pouco [&hellip;]<\/p>\n","protected":false},"author":5,"featured_media":0,"parent":0,"menu_order":0,"comment_status":"closed","ping_status":"closed","template":"elementor_header_footer","meta":{"inline_featured_image":false,"_monsterinsights_skip_tracking":false,"_monsterinsights_sitenote_active":false,"_monsterinsights_sitenote_note":"","_monsterinsights_sitenote_category":0},"_links":{"self":[{"href":"https:\/\/andrenovaisdepaula.com\/site\/wp-json\/wp\/v2\/pages\/10894"}],"collection":[{"href":"https:\/\/andrenovaisdepaula.com\/site\/wp-json\/wp\/v2\/pages"}],"about":[{"href":"https:\/\/andrenovaisdepaula.com\/site\/wp-json\/wp\/v2\/types\/page"}],"author":[{"embeddable":true,"href":"https:\/\/andrenovaisdepaula.com\/site\/wp-json\/wp\/v2\/users\/5"}],"replies":[{"embeddable":true,"href":"https:\/\/andrenovaisdepaula.com\/site\/wp-json\/wp\/v2\/comments?post=10894"}],"version-history":[{"count":28,"href":"https:\/\/andrenovaisdepaula.com\/site\/wp-json\/wp\/v2\/pages\/10894\/revisions"}],"predecessor-version":[{"id":12996,"href":"https:\/\/andrenovaisdepaula.com\/site\/wp-json\/wp\/v2\/pages\/10894\/revisions\/12996"}],"wp:attachment":[{"href":"https:\/\/andrenovaisdepaula.com\/site\/wp-json\/wp\/v2\/media?parent=10894"}],"curies":[{"name":"wp","href":"https:\/\/api.w.org\/{rel}","templated":true}]}}